{"id":2243,"date":"2026-04-12T19:56:40","date_gmt":"2026-04-12T17:56:40","guid":{"rendered":"https:\/\/fair-equity.com\/social-projects\/ideas\/"},"modified":"2026-04-12T20:40:15","modified_gmt":"2026-04-12T18:40:15","slug":"ideas","status":"publish","type":"page","link":"https:\/\/fair-equity.com\/en\/social-projects\/ideas\/","title":{"rendered":"IDEAS"},"content":{"rendered":"<p>[et_pb_section fb_built=&#8221;1&#8243; admin_label=&#8221;Intro&#8221; module_id=&#8221;intro&#8221; _builder_version=&#8221;4.27.4&#8243; _module_preset=&#8221;default&#8221; custom_padding=&#8221;0px||0px||true|false&#8221; custom_padding_phone=&#8221;30px||0px||false|false&#8221; locked=&#8221;off&#8221; global_colors_info=&#8221;{}&#8221;][et_pb_row gutter_width=&#8221;1&#8243; _builder_version=&#8221;4.27.4&#8243; _module_preset=&#8221;default&#8221; z_index=&#8221;2&#8243; height_tablet=&#8221;65vh&#8221; height_phone=&#8221;65vh&#8221; height_last_edited=&#8221;off|desktop&#8221; custom_padding=&#8221;0px||0px||true|false&#8221; custom_padding_phone=&#8221;30px|30px||30px|false|true&#8221; global_colors_info=&#8221;{}&#8221;][et_pb_column type=&#8221;4_4&#8243; _builder_version=&#8221;4.27.4&#8243; _module_preset=&#8221;default&#8221; custom_padding=&#8221;||||false|false&#8221; custom_css_main_element=&#8221;display: flex;||flex-direction: column;||justify-content: flex-end;&#8221; global_colors_info=&#8221;{}&#8221;][et_pb_text _builder_version=&#8221;4.27.4&#8243; _module_preset=&#8221;default&#8221; header_4_font_size=&#8221;28px&#8221; header_4_line_height=&#8221;40px&#8221; custom_margin=&#8221;||-30px||false|false&#8221; custom_margin_phone=&#8221;0px||10px||false|false&#8221; global_colors_info=&#8221;{}&#8221;]<\/p>\n<h4>Social Projects<\/h4>\n<h1>IDEAS<\/h1>\n<p>[\/et_pb_text][\/et_pb_column][\/et_pb_row][\/et_pb_section][et_pb_section fb_built=&#8221;1&#8243; admin_label=&#8221;Team&#8221; module_id=&#8221;team&#8221; _builder_version=&#8221;4.27.4&#8243; _module_preset=&#8221;default&#8221; custom_padding=&#8221;100px||150px||false|false&#8221; custom_padding_phone=&#8221;0px||120px||false|false&#8221; global_colors_info=&#8221;{}&#8221;][et_pb_row column_structure=&#8221;2_3,1_3&#8243; _builder_version=&#8221;4.27.4&#8243; _module_preset=&#8221;default&#8221; global_colors_info=&#8221;{}&#8221;][et_pb_column type=&#8221;2_3&#8243; _builder_version=&#8221;4.27.4&#8243; _module_preset=&#8221;default&#8221; global_colors_info=&#8221;{}&#8221;][et_pb_text _builder_version=&#8221;4.27.4&#8243; _module_preset=&#8221;default&#8221; custom_padding=&#8221;||97px|||&#8221; global_colors_info=&#8221;{}&#8221;]<\/p>\n<p data-start=\"1274\" data-end=\"1608\">Das Projekt IDEAS unterst\u00fctzt \u00e4ltere Menschen im Bezirk Bawku West dabei, aktiv auf die Folgen des Klimawandels zu reagieren und ihre Lebensgrundlagen zu sichern. In einer Region, in der sich klimatische Ver\u00e4nderungen direkt auf Ern\u00e4hrung und Einkommen auswirken, schafft das Projekt konkrete Ans\u00e4tze zur Anpassung und Stabilisierung. <\/p>\n<p data-start=\"1610\" data-end=\"1901\">Im Mittelpunkt stehen Schulungen in klimaintelligenter Landwirtschaft, die nachhaltige Anbaumethoden mit stabileren Ertr\u00e4gen und h\u00f6herer Widerstandsf\u00e4higkeit verbinden. Lokale Beraterinnen begleiten die Umsetzung vor Ort und tragen dazu bei, Wissen langfristig in den Gemeinden zu verankern. <\/p>\n<p data-start=\"1903\" data-end=\"2209\">Erg\u00e4nzend wird eine altersgerechte Gefl\u00fcgelhaltung eingef\u00fchrt, die mit geringem Aufwand zus\u00e4tzliche Einkommensm\u00f6glichkeiten schafft und gleichzeitig die Ern\u00e4hrung verbessert. Auf diese Weise verbindet das Projekt \u00f6kologische Anpassung mit sozialer Wirkung und st\u00e4rkt die Selbstst\u00e4ndigkeit \u00e4lterer Menschen. <\/p>\n<p data-start=\"2211\" data-end=\"2356\">So entsteht ein Ansatz, der nicht nur kurzfristig unterst\u00fctzt, sondern langfristig Perspektiven schafft und auf andere Gemeinden \u00fcbertragbar ist.<\/p>\n<p>[\/et_pb_text][\/et_pb_column][et_pb_column type=&#8221;1_3&#8243; _builder_version=&#8221;4.27.4&#8243; _module_preset=&#8221;default&#8221; global_colors_info=&#8221;{}&#8221;][et_pb_image _builder_version=&#8221;4.27.4&#8243; _module_preset=&#8221;default&#8221; alt=&#8221;IDEAS&#8221; title_text=&#8221;IDEAS&#8221; src=&#8221;https:\/\/fair-equity.com\/wp-content\/uploads\/2026\/04\/IDEAS_1.jpeg&#8221; hover_enabled=&#8221;0&#8243; sticky_enabled=&#8221;0&#8243;][\/et_pb_image][\/et_pb_column][\/et_pb_row][et_pb_row _builder_version=&#8221;4.27.4&#8243; _module_preset=&#8221;default&#8221; column_structure=&#8221;3_5,1_5,1_5&#8243;][et_pb_column _builder_version=&#8221;4.27.4&#8243; _module_preset=&#8221;default&#8221; type=&#8221;3_5&#8243;][et_pb_image _builder_version=&#8221;4.27.4&#8243; _module_preset=&#8221;default&#8221; alt=&#8221;@blackimagegh&#8221; title_text=&#8221;@blackimagegh&#8221; src=&#8221;https:\/\/fair-equity.com\/wp-content\/uploads\/2026\/04\/FairEquityVisitGhana04-09-03-2025@blackimagegh-0797-scaled.jpg&#8221; hover_enabled=&#8221;0&#8243; sticky_enabled=&#8221;0&#8243;][\/et_pb_image][\/et_pb_column][et_pb_column _builder_version=&#8221;4.27.4&#8243; _module_preset=&#8221;default&#8221; type=&#8221;1_5&#8243;][et_pb_image _builder_version=&#8221;4.27.4&#8243; _module_preset=&#8221;default&#8221; alt=&#8221;investment phase&#8221; title_text=&#8221;investment phase&#8221; src=&#8221;https:\/\/fair-equity.com\/wp-content\/uploads\/2025\/02\/investment-phase-02.png&#8221; hover_enabled=&#8221;0&#8243; sticky_enabled=&#8221;0&#8243;][\/et_pb_image][et_pb_image src=&#8221;https:\/\/fair-equity.com\/wp-content\/uploads\/2025\/02\/investment-phase-01.png&#8221; alt=&#8221;investment phase&#8221; title_text=&#8221;investment phase&#8221; force_fullwidth=&#8221;on&#8221; _builder_version=&#8221;4.27.4&#8243; _module_preset=&#8221;default&#8221; hover_enabled=&#8221;0&#8243; global_colors_info=&#8221;{}&#8221; sticky_enabled=&#8221;0&#8243;][\/et_pb_image][\/et_pb_column][et_pb_column _builder_version=&#8221;4.27.4&#8243; _module_preset=&#8221;default&#8221; type=&#8221;1_5&#8243;][et_pb_image src=&#8221;https:\/\/fair-equity.com\/wp-content\/uploads\/2025\/02\/investment-phase-04.png&#8221; alt=&#8221;investment phase&#8221; title_text=&#8221;investment phase&#8221; force_fullwidth=&#8221;on&#8221; _builder_version=&#8221;4.27.4&#8243; _module_preset=&#8221;default&#8221; hover_enabled=&#8221;0&#8243; global_colors_info=&#8221;{}&#8221; sticky_enabled=&#8221;0&#8243;][\/et_pb_image][et_pb_image src=&#8221;https:\/\/fair-equity.com\/wp-content\/uploads\/2025\/02\/investment-phase-05.png&#8221; alt=&#8221;investment phase&#8221; title_text=&#8221;investment phase&#8221; force_fullwidth=&#8221;on&#8221; _builder_version=&#8221;4.27.4&#8243; _module_preset=&#8221;default&#8221; hover_enabled=&#8221;0&#8243; global_colors_info=&#8221;{}&#8221; sticky_enabled=&#8221;0&#8243;][\/et_pb_image][\/et_pb_column][\/et_pb_row][\/et_pb_section]<\/p>\n","protected":false},"excerpt":{"rendered":"<p>Social Projects IDEASDas Projekt IDEAS unterst\u00fctzt \u00e4ltere Menschen im Bezirk Bawku West dabei, aktiv auf die Folgen des Klimawandels zu reagieren und ihre Lebensgrundlagen zu sichern. In einer Region, in der sich klimatische Ver\u00e4nderungen direkt auf Ern\u00e4hrung und Einkommen auswirken, schafft das Projekt konkrete Ans\u00e4tze zur Anpassung und Stabilisierung. Im Mittelpunkt stehen Schulungen in klimaintelligenter [&hellip;]<\/p>\n","protected":false},"author":4,"featured_media":0,"parent":680,"menu_order":0,"comment_status":"closed","ping_status":"closed","template":"","meta":{"_acf_changed":false,"_et_pb_use_builder":"on","_et_pb_old_content":"","_et_gb_content_width":"","footnotes":""},"class_list":["post-2243","page","type-page","status-publish","hentry"],"acf":[],"_links":{"self":[{"href":"https:\/\/fair-equity.com\/en\/wp-json\/wp\/v2\/pages\/2243","targetHints":{"allow":["GET"]}}],"collection":[{"href":"https:\/\/fair-equity.com\/en\/wp-json\/wp\/v2\/pages"}],"about":[{"href":"https:\/\/fair-equity.com\/en\/wp-json\/wp\/v2\/types\/page"}],"author":[{"embeddable":true,"href":"https:\/\/fair-equity.com\/en\/wp-json\/wp\/v2\/users\/4"}],"replies":[{"embeddable":true,"href":"https:\/\/fair-equity.com\/en\/wp-json\/wp\/v2\/comments?post=2243"}],"version-history":[{"count":2,"href":"https:\/\/fair-equity.com\/en\/wp-json\/wp\/v2\/pages\/2243\/revisions"}],"predecessor-version":[{"id":2245,"href":"https:\/\/fair-equity.com\/en\/wp-json\/wp\/v2\/pages\/2243\/revisions\/2245"}],"up":[{"embeddable":true,"href":"https:\/\/fair-equity.com\/en\/wp-json\/wp\/v2\/pages\/680"}],"wp:attachment":[{"href":"https:\/\/fair-equity.com\/en\/wp-json\/wp\/v2\/media?parent=2243"}],"curies":[{"name":"wp","href":"https:\/\/api.w.org\/{rel}","templated":true}]}}